{"id":177,"date":"2023-11-09T15:46:13","date_gmt":"2023-11-09T14:46:13","guid":{"rendered":"https:\/\/www.gomic.se\/?page_id=177"},"modified":"2024-01-23T17:14:32","modified_gmt":"2024-01-23T16:14:32","slug":"hem","status":"publish","type":"page","link":"https:\/\/www.sportsound.se\/en\/","title":{"rendered":"HEM"},"content":{"rendered":"\t\t<div data-elementor-type=\"wp-page\" data-elementor-id=\"177\" class=\"elementor elementor-177\" data-elementor-post-type=\"page\">\n\t\t\t\t<div class=\"elementor-element elementor-element-10addd6 e-con-full e-flex e-con e-parent\" data-id=\"10addd6\" data-element_type=\"container\" data-e-type=\"container\" data-settings=\"{&quot;background_background&quot;:&quot;classic&quot;,&quot;background_motion_fx_motion_fx_scrolling&quot;:&quot;yes&quot;,&quot;background_motion_fx_translateY_effect&quot;:&quot;yes&quot;,&quot;background_motion_fx_translateY_speed&quot;:{&quot;unit&quot;:&quot;px&quot;,&quot;size&quot;:4,&quot;sizes&quot;:[]},&quot;background_motion_fx_translateY_affectedRange&quot;:{&quot;unit&quot;:&quot;%&quot;,&quot;size&quot;:&quot;&quot;,&quot;sizes&quot;:{&quot;start&quot;:0,&quot;end&quot;:100}},&quot;background_motion_fx_devices&quot;:[&quot;desktop&quot;,&quot;tablet&quot;,&quot;mobile&quot;]}\">\n\t\t\t\t<\/div>\n\t\t<div class=\"elementor-element elementor-element-f29b5d0 e-flex e-con-boxed e-con e-parent\" data-id=\"f29b5d0\" data-element_type=\"container\" data-e-type=\"container\">\n\t\t\t\t\t<div class=\"e-con-inner\">\n\t\t<div class=\"elementor-element elementor-element-ca65187 e-con-full e-flex e-con e-child\" data-id=\"ca65187\" data-element_type=\"container\" data-e-type=\"container\">\n\t\t\t\t<div class=\"elementor-element elementor-element-393e624 elementor-widget elementor-widget-heading\" data-id=\"393e624\" data-element_type=\"widget\" data-e-type=\"widget\" data-widget_type=\"heading.default\">\n\t\t\t\t<div class=\"elementor-widget-container\">\n\t\t\t\t\t<h4 class=\"elementor-heading-title elementor-size-default\">Headset<\/h4>\t\t\t\t<\/div>\n\t\t\t\t<\/div>\n\t\t<div class=\"elementor-element elementor-element-44f3641 e-flex e-con-boxed e-con e-child\" data-id=\"44f3641\" data-element_type=\"container\" data-e-type=\"container\">\n\t\t\t\t\t<div class=\"e-con-inner\">\n\t\t\t\t<div class=\"elementor-element elementor-element-993438f elementor-widget elementor-widget-image\" data-id=\"993438f\" data-element_type=\"widget\" data-e-type=\"widget\" data-widget_type=\"image.default\">\n\t\t\t\t<div class=\"elementor-widget-container\">\n\t\t\t\t\t\t\t\t\t\t\t\t\t\t\t<img fetchpriority=\"high\" decoding=\"async\" width=\"1024\" height=\"684\" src=\"https:\/\/www.sportsound.se\/wp-content\/uploads\/2023\/11\/gomic-black@3x-1024x684.webp\" class=\"attachment-large size-large wp-image-165\" alt=\"\" srcset=\"https:\/\/www.sportsound.se\/wp-content\/uploads\/2023\/11\/gomic-black@3x-1024x684.webp 1024w, https:\/\/www.sportsound.se\/wp-content\/uploads\/2023\/11\/gomic-black@3x-300x200.webp 300w, https:\/\/www.sportsound.se\/wp-content\/uploads\/2023\/11\/gomic-black@3x-150x100.webp 150w, https:\/\/www.sportsound.se\/wp-content\/uploads\/2023\/11\/gomic-black@3x-600x401.webp 600w, https:\/\/www.sportsound.se\/wp-content\/uploads\/2023\/11\/gomic-black@3x-768x513.webp 768w, https:\/\/www.sportsound.se\/wp-content\/uploads\/2023\/11\/gomic-black@3x-1536x1025.webp 1536w, https:\/\/www.sportsound.se\/wp-content\/uploads\/2023\/11\/gomic-black@3x-2048x1367.webp 2048w, https:\/\/www.sportsound.se\/wp-content\/uploads\/2023\/11\/gomic-black@3x-990x661.webp 990w, https:\/\/www.sportsound.se\/wp-content\/uploads\/2023\/11\/gomic-black@3x-441x294.webp 441w\" sizes=\"(max-width: 360px) 147px, (max-width: 1024px) 100vw, 1024px\" \/>\t\t\t\t\t\t\t\t\t\t\t\t\t\t\t<\/div>\n\t\t\t\t<\/div>\n\t\t\t\t\t<\/div>\n\t\t\t\t<\/div>\n\t\t\t\t<div class=\"elementor-element elementor-element-953bfe2 elementor-align-justify elementor-widget elementor-widget-button\" data-id=\"953bfe2\" data-element_type=\"widget\" data-e-type=\"widget\" data-widget_type=\"button.default\">\n\t\t\t\t<div class=\"elementor-widget-container\">\n\t\t\t\t\t\t\t\t\t<div class=\"elementor-button-wrapper\">\n\t\t\t\t\t<a class=\"elementor-button elementor-button-link elementor-size-sm\" href=\"\/produkt-kategori\/headset\/\">\n\t\t\t\t\t\t<span class=\"elementor-button-content-wrapper\">\n\t\t\t\t\t\t\t\t\t<span class=\"elementor-button-text\">V\u00e4lj modell<\/span>\n\t\t\t\t\t<\/span>\n\t\t\t\t\t<\/a>\n\t\t\t\t<\/div>\n\t\t\t\t\t\t\t\t<\/div>\n\t\t\t\t<\/div>\n\t\t\t\t<\/div>\n\t\t<div class=\"elementor-element elementor-element-5a5adb7 e-con-full e-flex e-con e-child\" data-id=\"5a5adb7\" data-element_type=\"container\" data-e-type=\"container\">\n\t\t\t\t<div class=\"elementor-element elementor-element-24deae5 elementor-widget elementor-widget-heading\" data-id=\"24deae5\" data-element_type=\"widget\" data-e-type=\"widget\" data-widget_type=\"heading.default\">\n\t\t\t\t<div class=\"elementor-widget-container\">\n\t\t\t\t\t<h4 class=\"elementor-heading-title elementor-size-default\">Mikrofonset<\/h4>\t\t\t\t<\/div>\n\t\t\t\t<\/div>\n\t\t<div class=\"elementor-element elementor-element-d726549 e-flex e-con-boxed e-con e-child\" data-id=\"d726549\" data-element_type=\"container\" data-e-type=\"container\">\n\t\t\t\t\t<div class=\"e-con-inner\">\n\t\t\t\t<div class=\"elementor-element elementor-element-3a31763 elementor-widget elementor-widget-image\" data-id=\"3a31763\" data-element_type=\"widget\" data-e-type=\"widget\" data-widget_type=\"image.default\">\n\t\t\t\t<div class=\"elementor-widget-container\">\n\t\t\t\t\t\t\t\t\t\t\t\t\t\t\t<img decoding=\"async\" width=\"1024\" height=\"769\" src=\"https:\/\/www.sportsound.se\/wp-content\/uploads\/2023\/11\/fsw-1000h-1024x769.jpg\" class=\"attachment-large size-large wp-image-262\" alt=\"\" srcset=\"https:\/\/www.sportsound.se\/wp-content\/uploads\/2023\/11\/fsw-1000h-1024x769.jpg 1024w, https:\/\/www.sportsound.se\/wp-content\/uploads\/2023\/11\/fsw-1000h-300x225.jpg 300w, https:\/\/www.sportsound.se\/wp-content\/uploads\/2023\/11\/fsw-1000h-150x113.jpg 150w, https:\/\/www.sportsound.se\/wp-content\/uploads\/2023\/11\/fsw-1000h-600x450.jpg 600w, https:\/\/www.sportsound.se\/wp-content\/uploads\/2023\/11\/fsw-1000h-768x576.jpg 768w, https:\/\/www.sportsound.se\/wp-content\/uploads\/2023\/11\/fsw-1000h-1536x1153.jpg 1536w, https:\/\/www.sportsound.se\/wp-content\/uploads\/2023\/11\/fsw-1000h-990x743.jpg 990w, https:\/\/www.sportsound.se\/wp-content\/uploads\/2023\/11\/fsw-1000h-441x331.jpg 441w, https:\/\/www.sportsound.se\/wp-content\/uploads\/2023\/11\/fsw-1000h.jpg 2000w\" sizes=\"(max-width: 360px) 147px, (max-width: 1024px) 100vw, 1024px\" \/>\t\t\t\t\t\t\t\t\t\t\t\t\t\t\t<\/div>\n\t\t\t\t<\/div>\n\t\t\t\t\t<\/div>\n\t\t\t\t<\/div>\n\t\t\t\t<div class=\"elementor-element elementor-element-0931a11 elementor-align-justify elementor-widget elementor-widget-button\" data-id=\"0931a11\" data-element_type=\"widget\" data-e-type=\"widget\" data-widget_type=\"button.default\">\n\t\t\t\t<div class=\"elementor-widget-container\">\n\t\t\t\t\t\t\t\t\t<div class=\"elementor-button-wrapper\">\n\t\t\t\t\t<a class=\"elementor-button elementor-button-link elementor-size-sm\" href=\"\/produkt-kategori\/mikrofonset\/\">\n\t\t\t\t\t\t<span class=\"elementor-button-content-wrapper\">\n\t\t\t\t\t\t\t\t\t<span class=\"elementor-button-text\">V\u00e4lj modell<\/span>\n\t\t\t\t\t<\/span>\n\t\t\t\t\t<\/a>\n\t\t\t\t<\/div>\n\t\t\t\t\t\t\t\t<\/div>\n\t\t\t\t<\/div>\n\t\t\t\t<\/div>\n\t\t<div class=\"elementor-element elementor-element-c6db03c e-con-full e-flex e-con e-child\" data-id=\"c6db03c\" data-element_type=\"container\" data-e-type=\"container\">\n\t\t\t\t<div class=\"elementor-element elementor-element-073a667 elementor-widget elementor-widget-heading\" data-id=\"073a667\" data-element_type=\"widget\" data-e-type=\"widget\" data-widget_type=\"heading.default\">\n\t\t\t\t<div class=\"elementor-widget-container\">\n\t\t\t\t\t<h4 class=\"elementor-heading-title elementor-size-default\">Puffskydd<\/h4>\t\t\t\t<\/div>\n\t\t\t\t<\/div>\n\t\t<div class=\"elementor-element elementor-element-a8733e3 e-flex e-con-boxed e-con e-child\" data-id=\"a8733e3\" data-element_type=\"container\" data-e-type=\"container\">\n\t\t\t\t\t<div class=\"e-con-inner\">\n\t\t\t\t<div class=\"elementor-element elementor-element-ce750d8 elementor-widget elementor-widget-image\" data-id=\"ce750d8\" data-element_type=\"widget\" data-e-type=\"widget\" data-widget_type=\"image.default\">\n\t\t\t\t<div class=\"elementor-widget-container\">\n\t\t\t\t\t\t\t\t\t\t\t\t\t\t\t<img decoding=\"async\" width=\"1024\" height=\"512\" src=\"https:\/\/www.sportsound.se\/wp-content\/uploads\/2023\/11\/s-1024x512.webp\" class=\"attachment-large size-large wp-image-247\" alt=\"\" srcset=\"https:\/\/www.sportsound.se\/wp-content\/uploads\/2023\/11\/s-1024x512.webp 1024w, https:\/\/www.sportsound.se\/wp-content\/uploads\/2023\/11\/s-300x150.webp 300w, https:\/\/www.sportsound.se\/wp-content\/uploads\/2023\/11\/s-150x75.webp 150w, https:\/\/www.sportsound.se\/wp-content\/uploads\/2023\/11\/s-600x300.webp 600w, https:\/\/www.sportsound.se\/wp-content\/uploads\/2023\/11\/s-768x384.webp 768w, https:\/\/www.sportsound.se\/wp-content\/uploads\/2023\/11\/s-1536x768.webp 1536w, https:\/\/www.sportsound.se\/wp-content\/uploads\/2023\/11\/s-990x495.webp 990w, https:\/\/www.sportsound.se\/wp-content\/uploads\/2023\/11\/s-441x221.webp 441w, https:\/\/www.sportsound.se\/wp-content\/uploads\/2023\/11\/s.webp 1800w\" sizes=\"(max-width: 360px) 147px, (max-width: 1024px) 100vw, 1024px\" \/>\t\t\t\t\t\t\t\t\t\t\t\t\t\t\t<\/div>\n\t\t\t\t<\/div>\n\t\t\t\t\t<\/div>\n\t\t\t\t<\/div>\n\t\t\t\t<div class=\"elementor-element elementor-element-44c0199 elementor-align-justify elementor-widget elementor-widget-button\" data-id=\"44c0199\" data-element_type=\"widget\" data-e-type=\"widget\" data-widget_type=\"button.default\">\n\t\t\t\t<div class=\"elementor-widget-container\">\n\t\t\t\t\t\t\t\t\t<div class=\"elementor-button-wrapper\">\n\t\t\t\t\t<a class=\"elementor-button elementor-button-link elementor-size-sm\" href=\"\/produkt\/puffskydd\/\">\n\t\t\t\t\t\t<span class=\"elementor-button-content-wrapper\">\n\t\t\t\t\t\t\t\t\t<span class=\"elementor-button-text\">V\u00e4lj modell<\/span>\n\t\t\t\t\t<\/span>\n\t\t\t\t\t<\/a>\n\t\t\t\t<\/div>\n\t\t\t\t\t\t\t\t<\/div>\n\t\t\t\t<\/div>\n\t\t\t\t<\/div>\n\t\t<div class=\"elementor-element elementor-element-9996f13 e-con-full e-flex e-con e-child\" data-id=\"9996f13\" data-element_type=\"container\" data-e-type=\"container\">\n\t\t\t\t<div class=\"elementor-element elementor-element-1c86027 elementor-widget elementor-widget-heading\" data-id=\"1c86027\" data-element_type=\"widget\" data-e-type=\"widget\" data-widget_type=\"heading.default\">\n\t\t\t\t<div class=\"elementor-widget-container\">\n\t\t\t\t\t<h4 class=\"elementor-heading-title elementor-size-default\">Midjev\u00e4ska<\/h4>\t\t\t\t<\/div>\n\t\t\t\t<\/div>\n\t\t<div class=\"elementor-element elementor-element-d9a60c5 e-flex e-con-boxed e-con e-child\" data-id=\"d9a60c5\" data-element_type=\"container\" data-e-type=\"container\">\n\t\t\t\t\t<div class=\"e-con-inner\">\n\t\t\t\t<div class=\"elementor-element elementor-element-a2227d4 elementor-widget elementor-widget-image\" data-id=\"a2227d4\" data-element_type=\"widget\" data-e-type=\"widget\" data-widget_type=\"image.default\">\n\t\t\t\t<div class=\"elementor-widget-container\">\n\t\t\t\t\t\t\t\t\t\t\t\t\t\t\t<img loading=\"lazy\" decoding=\"async\" width=\"1024\" height=\"711\" src=\"https:\/\/www.sportsound.se\/wp-content\/uploads\/2023\/11\/black-1024x711.jpg\" class=\"attachment-large size-large wp-image-277\" alt=\"\" srcset=\"https:\/\/www.sportsound.se\/wp-content\/uploads\/2023\/11\/black-1024x711.jpg 1024w, https:\/\/www.sportsound.se\/wp-content\/uploads\/2023\/11\/black-300x208.jpg 300w, https:\/\/www.sportsound.se\/wp-content\/uploads\/2023\/11\/black-scaled-150x104.jpg 150w, https:\/\/www.sportsound.se\/wp-content\/uploads\/2023\/11\/black-scaled-600x417.jpg 600w, https:\/\/www.sportsound.se\/wp-content\/uploads\/2023\/11\/black-768x533.jpg 768w, https:\/\/www.sportsound.se\/wp-content\/uploads\/2023\/11\/black-1536x1067.jpg 1536w, https:\/\/www.sportsound.se\/wp-content\/uploads\/2023\/11\/black-2048x1423.jpg 2048w, https:\/\/www.sportsound.se\/wp-content\/uploads\/2023\/11\/black-990x688.jpg 990w, https:\/\/www.sportsound.se\/wp-content\/uploads\/2023\/11\/black-441x306.jpg 441w\" sizes=\"(max-width: 360px) 147px, (max-width: 1024px) 100vw, 1024px\" \/>\t\t\t\t\t\t\t\t\t\t\t\t\t\t\t<\/div>\n\t\t\t\t<\/div>\n\t\t\t\t\t<\/div>\n\t\t\t\t<\/div>\n\t\t\t\t<div class=\"elementor-element elementor-element-f7ef95a elementor-align-justify elementor-widget elementor-widget-button\" data-id=\"f7ef95a\" data-element_type=\"widget\" data-e-type=\"widget\" data-widget_type=\"button.default\">\n\t\t\t\t<div class=\"elementor-widget-container\">\n\t\t\t\t\t\t\t\t\t<div class=\"elementor-button-wrapper\">\n\t\t\t\t\t<a class=\"elementor-button elementor-button-link elementor-size-sm\" href=\"\/produkt-kategori\/midjevaska\/\">\n\t\t\t\t\t\t<span class=\"elementor-button-content-wrapper\">\n\t\t\t\t\t\t\t\t\t<span class=\"elementor-button-text\">V\u00e4lj modell<\/span>\n\t\t\t\t\t<\/span>\n\t\t\t\t\t<\/a>\n\t\t\t\t<\/div>\n\t\t\t\t\t\t\t\t<\/div>\n\t\t\t\t<\/div>\n\t\t\t\t<\/div>\n\t\t\t\t\t<\/div>\n\t\t\t\t<\/div>\n\t\t\t\t<\/div>\n\t\t","protected":false},"excerpt":{"rendered":"<p>Headset V\u00e4lj modell Mikrofonset V\u00e4lj modell Puffskydd V\u00e4lj modell Midjev\u00e4ska V\u00e4lj modell<\/p>","protected":false},"author":1,"featured_media":0,"parent":0,"menu_order":0,"comment_status":"closed","ping_status":"closed","template":"elementor_header_footer","meta":{"_monsterinsights_skip_tracking":false,"_monsterinsights_sitenote_active":false,"_monsterinsights_sitenote_note":"","_monsterinsights_sitenote_category":0,"footnotes":""},"class_list":["post-177","page","type-page","status-publish","hentry"],"_links":{"self":[{"href":"https:\/\/www.sportsound.se\/en\/wp-json\/wp\/v2\/pages\/177","targetHints":{"allow":["GET"]}}],"collection":[{"href":"https:\/\/www.sportsound.se\/en\/wp-json\/wp\/v2\/pages"}],"about":[{"href":"https:\/\/www.sportsound.se\/en\/wp-json\/wp\/v2\/types\/page"}],"author":[{"embeddable":true,"href":"https:\/\/www.sportsound.se\/en\/wp-json\/wp\/v2\/users\/1"}],"replies":[{"embeddable":true,"href":"https:\/\/www.sportsound.se\/en\/wp-json\/wp\/v2\/comments?post=177"}],"version-history":[{"count":6,"href":"https:\/\/www.sportsound.se\/en\/wp-json\/wp\/v2\/pages\/177\/revisions"}],"predecessor-version":[{"id":499,"href":"https:\/\/www.sportsound.se\/en\/wp-json\/wp\/v2\/pages\/177\/revisions\/499"}],"wp:attachment":[{"href":"https:\/\/www.sportsound.se\/en\/wp-json\/wp\/v2\/media?parent=177"}],"curies":[{"name":"wp","href":"https:\/\/api.w.org\/{rel}","templated":true}]}}