{"id":110,"date":"2023-11-07T15:05:39","date_gmt":"2023-11-07T14:05:39","guid":{"rendered":"https:\/\/www.gomic.se\/?post_type=product&#038;p=110"},"modified":"2024-09-23T02:11:23","modified_gmt":"2024-09-23T00:11:23","slug":"gomic-fitness-headset-vattentaligt-ip65-justerbart","status":"publish","type":"product","link":"https:\/\/www.sportsound.se\/en\/product\/gomic-fitness-headset-vattentaligt-ip65-justerbart\/","title":{"rendered":"Fitness Headset, Moisture resistant, IP65, Adjustable."},"content":{"rendered":"<p><strong>Functions:<\/strong><\/p>\n<ol>\n<li><span class=\"s2\">Sweat-resistant microphone capsule that avoids interruptions or 'sweat-related issues' during your lesson.<\/span><\/li>\n<li><span class=\"s2\">Flexible and slim gooseneck boom for excellent sound capture and easy microphone positioning.<\/span><\/li>\n<li><span class=\"s2\">Fully adjustable headset for the most comfortable fit for instructors of all head sizes. Never worry about the microphone slipping down even during fast-paced activities, as the headset sits securely on the head after the right frame has been adjusted to your fit.<\/span><\/li>\n<li><span class=\"s2\">The headset is designed to be easy to wear, and the rubber tubing on the headset is designed for smooth adjustment and touch.<\/span><\/li>\n<li><span class=\"s2\">The entire headset, cable, and connector are waterproof and sweat-resistant for long-lasting durability.<\/span><\/li>\n<li><span class=\"s2\">Extra f\u00f6rb\u00e4ttrad kabel f\u00f6r att t\u00e5la 100 kg dragkraftstolerans<\/span><\/li>\n<li><span class=\"s2\">Sweat<\/span> <span class=\"s2\">Boot<\/span><span class=\"s2\">-teknik och <\/span><span class=\"s2\">epoxiad<\/span><span class=\"s2\"> kontakt f\u00f6r b\u00e4ttre skydd av <\/span><span class=\"s2\">bodypacks<\/span><span class=\"s2\">\/ficks\u00e4ndare.<\/span><\/li>\n<li><span class=\"s2\">High-quality sweat-resistant microphone capsule that provides high-quality voice recording.<\/span><\/li>\n<li><span class=\"s2\">Primarily designed for easy indoor and outdoor use. <\/span><span class=\"s2\">fitness<\/span><span class=\"s2\"> &amp; <\/span><span class=\"s2\">aerobic<\/span><span class=\"s2\"> instrukt\u00f6rer.<\/span><\/li>\n<li><span class=\"s2\">Available in four optional colors: black, orange, red, and blue.<\/span><\/li>\n<li class=\"translation-block\">Comes with the right connector compatible with most other brands of bodypack transmitters, such as Sennheiser, AKG, Electro-Voice, Fitness Audio, JTS, Mipro, Shure, Samson, Line6, Telex, Trantec.<\/li>\n<\/ol>\n<p><strong>Properties:<\/strong><\/p>\n<p>Microphone Type: Sweat-proof headset microphone<br \/>\nCapsule Type: Electret condenser<br \/>\nDirection: Unidirectional<br \/>\nSystem: Rear electret<br \/>\nFrequency Range: 100Hz ~ 4kHz<br \/>\nNominal Impedance: 4.4k Ohms<br \/>\nSensitivity: -50dB \u00b13dB at 74dB SPL<br \/>\nMaximum Sound Pressure: 130 dB<br \/>\nPower Supply: Direct current 1.5-9 V<br \/>\nOperating Temperature: 0-40 \u00b0C<br \/>\nWeight: 45 g<br \/>\nCable: 1.2m<\/p>\n<p>&nbsp;<\/p>","protected":false},"excerpt":{"rendered":"<p><span class=\"s2\">GoMic<\/span><span class=\"s2\"> is a cost-effective headset that is specially designed for <\/span><span class=\"s2\">fitness<\/span><span class=\"s2\"> and the aerobics industry.<br \/>\n<\/span><span class=\"s2\">The headset is ideal for PT instructors with features such as sweat resistant, good sound quality, durable, reliable and lightweight.<br \/>\n<\/span><span class=\"s2\">The headset is perfect for <\/span><span class=\"s2\">fitness<\/span><span class=\"s2\"> and aerobics instructors who require high quality in humid environments.<\/span><\/p>","protected":false},"featured_media":165,"template":"","meta":{"_monsterinsights_skip_tracking":false,"_monsterinsights_sitenote_active":false,"_monsterinsights_sitenote_note":"","_monsterinsights_sitenote_category":0},"product_brand":[],"product_cat":[20],"product_tag":[],"class_list":{"0":"post-110","1":"product","2":"type-product","3":"status-publish","4":"has-post-thumbnail","6":"product_cat-gomic","8":"first","9":"instock","10":"taxable","11":"shipping-taxable","12":"purchasable","13":"product-type-variable"},"_links":{"self":[{"href":"https:\/\/www.sportsound.se\/en\/wp-json\/wp\/v2\/product\/110","targetHints":{"allow":["GET"]}}],"collection":[{"href":"https:\/\/www.sportsound.se\/en\/wp-json\/wp\/v2\/product"}],"about":[{"href":"https:\/\/www.sportsound.se\/en\/wp-json\/wp\/v2\/types\/product"}],"wp:featuredmedia":[{"embeddable":true,"href":"https:\/\/www.sportsound.se\/en\/wp-json\/wp\/v2\/media\/165"}],"wp:attachment":[{"href":"https:\/\/www.sportsound.se\/en\/wp-json\/wp\/v2\/media?parent=110"}],"wp:term":[{"taxonomy":"product_brand","embeddable":true,"href":"https:\/\/www.sportsound.se\/en\/wp-json\/wp\/v2\/product_brand?post=110"},{"taxonomy":"product_cat","embeddable":true,"href":"https:\/\/www.sportsound.se\/en\/wp-json\/wp\/v2\/product_cat?post=110"},{"taxonomy":"product_tag","embeddable":true,"href":"https:\/\/www.sportsound.se\/en\/wp-json\/wp\/v2\/product_tag?post=110"}],"curies":[{"name":"wp","href":"https:\/\/api.w.org\/{rel}","templated":true}]}}