{"id":274,"date":"2023-11-15T12:10:14","date_gmt":"2023-11-15T11:10:14","guid":{"rendered":"https:\/\/www.gomic.se\/?post_type=product&#038;p=274"},"modified":"2024-03-12T16:59:25","modified_gmt":"2024-03-12T15:59:25","slug":"lesmic-color","status":"publish","type":"product","link":"https:\/\/www.sportsound.se\/en\/product\/lesmic-color\/","title":{"rendered":"Color"},"content":{"rendered":"<p><span class=\"HwtZe\" lang=\"sv\"><span class=\"jCAhz ChMk0b\"><span class=\"ryNqvb\">Microphone belt is an inexpensive way to extend the life of your bodypack transmitters to protect against moisture and shock.<\/span><\/span> <span class=\"jCAhz ChMk0b\"><span class=\"ryNqvb\">It fits Bodypack transmitters from all the major wireless brands such as MyMic, Shure, AKG, Trantec, Audio-Technica, Mipro, Chiayo, Fitness Audio, Sennheiser, Samson, Electro-voice, Beyerdynamic, Telex, JTS and others.<\/span><\/span> <span class=\"jCAhz ChMk0b\"><span class=\"ryNqvb\">It has an adjustable buckle for waist sizes up to 100cm with a standard vertical pouch.<\/span><\/span><\/span><\/p>\n<table border=\"0\">\n<tbody>\n<tr>\n<td><span class=\"HwtZe\" lang=\"sv\"><span class=\"jCAhz ChMk0b\"><span class=\"ryNqvb\">Adjustable Size:\u00a0<\/span><\/span><\/span><\/td>\n<td><span class=\"HwtZe\" lang=\"sv\"><span class=\"jCAhz ChMk0b\"><span class=\"ryNqvb\">40-110cm<\/span><\/span><\/span><\/td>\n<\/tr>\n<tr>\n<td><span class=\"HwtZe\" lang=\"sv\"><span class=\"jCAhz ChMk0b\"><span class=\"ryNqvb\">Material:\u00a0<\/span><\/span><\/span><\/td>\n<td><span class=\"HwtZe\" lang=\"sv\"><span class=\"jCAhz ChMk0b\"><span class=\"ryNqvb\">High quality neoprene<\/span><\/span><\/span><\/td>\n<\/tr>\n<\/tbody>\n<\/table>","protected":false},"excerpt":{"rendered":"<p>Mikrofonb\u00e4lte \u00e4r ett billigt s\u00e4tt att f\u00f6rl\u00e4nga livsl\u00e4ngden p\u00e5 dina bodypack-s\u00e4ndare f\u00f6r att skydda mot fukt och st\u00f6tar. Den passar till Bodypack-s\u00e4ndare fr\u00e5n alla de stora tr\u00e5dl\u00f6sa m\u00e4rkena som MyMic, Shure, AKG, Trantec, Audio-Technica, Mipro, Chiayo, Fitness Audio, Sennheiser, Samson, Electro-voice, Beyerdynamic, Telex, JTS och andra. Den har ett justerbart sp\u00e4nne f\u00f6r midjestorlekar upp till [&hellip;]<\/p>\n","protected":false},"featured_media":278,"template":"","meta":{"_monsterinsights_skip_tracking":false,"_monsterinsights_sitenote_active":false,"_monsterinsights_sitenote_note":"","_monsterinsights_sitenote_category":0},"product_brand":[],"product_cat":[27,35],"product_tag":[],"class_list":{"0":"post-274","1":"product","2":"type-product","3":"status-publish","4":"has-post-thumbnail","6":"product_cat-midjevaska","7":"product_cat-tillbehor","9":"first","10":"instock","11":"taxable","12":"shipping-taxable","13":"purchasable","14":"product-type-simple"},"_links":{"self":[{"href":"https:\/\/www.sportsound.se\/en\/wp-json\/wp\/v2\/product\/274","targetHints":{"allow":["GET"]}}],"collection":[{"href":"https:\/\/www.sportsound.se\/en\/wp-json\/wp\/v2\/product"}],"about":[{"href":"https:\/\/www.sportsound.se\/en\/wp-json\/wp\/v2\/types\/product"}],"wp:featuredmedia":[{"embeddable":true,"href":"https:\/\/www.sportsound.se\/en\/wp-json\/wp\/v2\/media\/278"}],"wp:attachment":[{"href":"https:\/\/www.sportsound.se\/en\/wp-json\/wp\/v2\/media?parent=274"}],"wp:term":[{"taxonomy":"product_brand","embeddable":true,"href":"https:\/\/www.sportsound.se\/en\/wp-json\/wp\/v2\/product_brand?post=274"},{"taxonomy":"product_cat","embeddable":true,"href":"https:\/\/www.sportsound.se\/en\/wp-json\/wp\/v2\/product_cat?post=274"},{"taxonomy":"product_tag","embeddable":true,"href":"https:\/\/www.sportsound.se\/en\/wp-json\/wp\/v2\/product_tag?post=274"}],"curies":[{"name":"wp","href":"https:\/\/api.w.org\/{rel}","templated":true}]}}