{"id":436,"date":"2024-01-03T12:20:00","date_gmt":"2024-01-03T11:20:00","guid":{"rendered":"https:\/\/www.sportsound.se\/?post_type=product&#038;p=436"},"modified":"2024-03-30T08:07:12","modified_gmt":"2024-03-30T07:07:12","slug":"li-lac-mikrofon-desinficering","status":"publish","type":"product","link":"https:\/\/www.sportsound.se\/en\/product\/li-lac-mikrofon-desinficering\/","title":{"rendered":"LI.LAC Microphone Disinfection"},"content":{"rendered":"<p><span class=\"HwtZe\" lang=\"sv\"><span class=\"jCAhz ChMk0b\"><span class=\"ryNqvb\">Professional disinfection through controlled exposure to ultraviolet light<\/span><\/span><span class=\"jCAhz ChMk0b\"><span class=\"ryNqvb\">\u00a0(UV-C)<\/span><\/span><\/span><\/p>\n<p><span class=\"HwtZe\" lang=\"sv\"><span class=\"jCAhz ChMk0b\"><span class=\"ryNqvb\"><strong>.simple<\/strong><br \/>\nLi.LAC resembles a futuristic sandwich grill in a robust, 19\u201d 3HE rack-mounted format. Simply place the microphones on the stainless steel grid, close the irradiation chamber and press start. The steel grid holds up to three hand-held microphones or hand-held transmitters. It is also possible to disinfect other objects such as headsets, mosquito microphones, etc.<\/span><\/span><\/span><\/p>\n<p><span class=\"HwtZe\" lang=\"sv\"><span class=\"jCAhz ChMk0b\"><span class=\"ryNqvb\"><strong>.quick<\/strong><br \/>\nA disinfection cycle takes only 5 to 10 minutes. An additional 2 minutes of preheating time may apply to cold UV-C lamps.<\/span><\/span><\/span><\/p>\n<p><span class=\"HwtZe\" lang=\"sv\"><span class=\"jCAhz ChMk0b\"><span class=\"ryNqvb\"><strong>.safe.#1<\/strong><br \/>\nEvidence of effectiveness and scientific validation. A disinfection level of 99.99%* for surface disinfection inside Li.LAC has been approved by the independent, accredited laboratory Opsytec Dr. Gr\u00f6bel GmbH. The Department of Biomedical Engineering and Medical Microbiology &amp; Infection Prevention at the University Medical Center Groningen (UMCG) has conducted extensive scientific studies to evaluate the effectiveness of Li.LAC. Viruses were sprayed on microphones, similar to singing into the microphone. The results show a strong reduction of 99.3% in the viral load of contaminated microphones (including the metal grid and foam underneath) after 10 minutes of irradiation inside the Li.LAC.<br \/>\n<\/span><\/span><\/span><\/p>\n<p><span class=\"HwtZe\" lang=\"sv\"><span class=\"jCAhz ChMk0b\"><span class=\"ryNqvb\"><strong>.safe.#2<\/strong><br \/>\nMicrophone and material compatibility. Any kind of intensive cleaning procedure (soap and water, alcohol or UVC light) has a long-term effect on the materials used in or on microphones. Different types of plastics and the external appearance (colour\/gloss) in particular can be changed or deteriorated by \"too much cleaning\". We have run many tests with different microphones inside the Li.LAC to evaluate the long-term effect of UV-C light.<\/span><\/span><\/span><\/p>","protected":false},"excerpt":{"rendered":"<p><strong>H\u00e5ll alla baciller borta!<\/strong><\/p>\n<p>Den senaste tekniken d\u00e4r du snabbt och enkelt desinficerar headset och mikrofoner.<br \/>\nEn desinfektionscykel tar bara 5 till 10 minuter.<br \/>\nBevis p\u00e5 effektivitet och vetenskaplig validering. En desinfektionsniv\u00e5 p\u00e5 99,99 %* f\u00f6r ytdesinfektion inuti Li.LAC har godk\u00e4nts av den oberoende, ackrediterade laboratorie.<br \/>\n<span class=\"HwtZe\" lang=\"sv\"><span class=\"jCAhz ChMk0b\"><span class=\"ryNqvb\">Professional disinfection through controlled exposure to ultraviolet light<\/span><\/span><\/span><\/p>","protected":false},"featured_media":437,"template":"","meta":{"_monsterinsights_skip_tracking":false,"_monsterinsights_sitenote_active":false,"_monsterinsights_sitenote_note":"","_monsterinsights_sitenote_category":0},"product_brand":[],"product_cat":[18,35],"product_tag":[],"class_list":{"0":"post-436","1":"product","2":"type-product","3":"status-publish","4":"has-post-thumbnail","6":"product_cat-okategoriserad","7":"product_cat-tillbehor","9":"first","10":"instock","11":"taxable","12":"shipping-taxable","13":"purchasable","14":"product-type-simple"},"_links":{"self":[{"href":"https:\/\/www.sportsound.se\/en\/wp-json\/wp\/v2\/product\/436","targetHints":{"allow":["GET"]}}],"collection":[{"href":"https:\/\/www.sportsound.se\/en\/wp-json\/wp\/v2\/product"}],"about":[{"href":"https:\/\/www.sportsound.se\/en\/wp-json\/wp\/v2\/types\/product"}],"wp:featuredmedia":[{"embeddable":true,"href":"https:\/\/www.sportsound.se\/en\/wp-json\/wp\/v2\/media\/437"}],"wp:attachment":[{"href":"https:\/\/www.sportsound.se\/en\/wp-json\/wp\/v2\/media?parent=436"}],"wp:term":[{"taxonomy":"product_brand","embeddable":true,"href":"https:\/\/www.sportsound.se\/en\/wp-json\/wp\/v2\/product_brand?post=436"},{"taxonomy":"product_cat","embeddable":true,"href":"https:\/\/www.sportsound.se\/en\/wp-json\/wp\/v2\/product_cat?post=436"},{"taxonomy":"product_tag","embeddable":true,"href":"https:\/\/www.sportsound.se\/en\/wp-json\/wp\/v2\/product_tag?post=436"}],"curies":[{"name":"wp","href":"https:\/\/api.w.org\/{rel}","templated":true}]}}