{"id":452,"date":"2024-01-03T12:19:31","date_gmt":"2024-01-03T11:19:31","guid":{"rendered":"https:\/\/www.sportsound.se\/?post_type=product&#038;p=452"},"modified":"2024-10-01T00:50:34","modified_gmt":"2024-09-30T22:50:34","slug":"portabel-hogtalare","status":"publish","type":"product","link":"https:\/\/www.sportsound.se\/en\/product\/portabel-hogtalare\/","title":{"rendered":"Portable Speaker"},"content":{"rendered":"<p><span class=\"HwtZe\" lang=\"sv\"><span class=\"jCAhz ChMk0b\"><span class=\"ryNqvb\">Portable system.<\/span><\/span> <span class=\"jCAhz ChMk0b\"><span class=\"ryNqvb\">Battery operation ensures optimal performance in all situations where there is no mains power.<\/span><\/span> <span class=\"jCAhz ChMk0b\"><span class=\"ryNqvb\">Thanks to Bluetooth, it can be easily and quickly connected to any mobile device.<\/span><\/span> <span class=\"jCAhz ChMk0b\"><span class=\"ryNqvb\">The multimedia player with USB and SD card slots further increases the range of available connections, making this speaker one of the most complete and versatile solutions on the market.<\/span><\/span><\/span><\/p>\n<ul>\n<li><span class=\"HwtZe\" lang=\"sv\"><span class=\"jCAhz ChMk0b\"><span class=\"ryNqvb\">High performance class D version 160WRMS, with optimal efficiency.<\/span><\/span><\/span><\/li>\n<li>Operation via mains connection or built-in lead-acid battery 1 x 12V\/7.Ah (operating time: up to 4 hours), integrated automatic battery charging.<\/li>\n<li>Connect 2 units IGAN-112 through TWS, Bluetooth.<\/li>\n<li>For mobile applications, e.g. at sales events, lectures.<\/li>\n<li>2 wireless microphones with adjustable wireless UHF receiver.<\/li>\n<li>Bluetooth receiver for wireless connection of portable music players.<\/li>\n<li>USB\/SD card player with connection for external storage media.<\/li>\n<li>Remote control with many functions<\/li>\n<li>2-way speaker system.<\/li>\n<li>2 adjustable balanced microphone inputs via combi jack (XLR\/6.3mm), 1 aux input (3.5mm, RCA).<\/li>\n<li>Adjustable reverb.<\/li>\n<li>Shared master control with 2-way tone control.<\/li>\n<li>1 line output (6.3mm jack).<\/li>\n<li>Thanks to the integrated extendable telescopic handle and the 2 wheels, the amplifier system can be easily towed like a cart.<\/li>\n<li>Sleeve for tripod mounting.<\/li>\n<\/ul>","protected":false},"excerpt":{"rendered":"<p><strong>Redo f\u00f6r utomhuss\u00e4song ?<\/strong><br \/>\nBatteridriven h\u00f6gtalare som klarar upp till 4 timmar utan \u201dstr\u00f6m\u201d.<br \/>\nH\u00f6gpresterande h\u00f6gtalare, klass D med 160WRMS<br \/>\nTyck in \u201dtalkover\u201d och musiken tystnar n\u00e4r du pratar.<br \/>\nIng\u00e5r tv\u00e5 tr\u00e5dl\u00f6sa mikrofoner samt fj\u00e4rrkontroll<br \/>\nTack vare Bluetooth kan den enkelt och snabbt anslutas till vilken mobil enhet som helst.\u00a0Multimediaspelaren med USB- och SD-kortplatser \u00f6kar utbudet av tillg\u00e4ngliga anslutningar ytterligare, vilket g\u00f6r denna h\u00f6gtalare till en av de mest kompletta och m\u00e5ngsidiga l\u00f6sningarna p\u00e5 marknaden.<br \/>\nMed teleskopshandtag och hjul s\u00e5 det \u00e4r bara att rulla iv\u00e4g!<\/p>","protected":false},"featured_media":456,"template":"","meta":{"_monsterinsights_skip_tracking":false,"_monsterinsights_sitenote_active":false,"_monsterinsights_sitenote_note":"","_monsterinsights_sitenote_category":0},"product_brand":[],"product_cat":[33,34],"product_tag":[],"class_list":{"0":"post-452","1":"product","2":"type-product","3":"status-publish","4":"has-post-thumbnail","6":"product_cat-ljud","7":"product_cat-portabeltljud","9":"first","10":"instock","11":"taxable","12":"shipping-taxable","13":"purchasable","14":"product-type-simple"},"_links":{"self":[{"href":"https:\/\/www.sportsound.se\/en\/wp-json\/wp\/v2\/product\/452","targetHints":{"allow":["GET"]}}],"collection":[{"href":"https:\/\/www.sportsound.se\/en\/wp-json\/wp\/v2\/product"}],"about":[{"href":"https:\/\/www.sportsound.se\/en\/wp-json\/wp\/v2\/types\/product"}],"wp:featuredmedia":[{"embeddable":true,"href":"https:\/\/www.sportsound.se\/en\/wp-json\/wp\/v2\/media\/456"}],"wp:attachment":[{"href":"https:\/\/www.sportsound.se\/en\/wp-json\/wp\/v2\/media?parent=452"}],"wp:term":[{"taxonomy":"product_brand","embeddable":true,"href":"https:\/\/www.sportsound.se\/en\/wp-json\/wp\/v2\/product_brand?post=452"},{"taxonomy":"product_cat","embeddable":true,"href":"https:\/\/www.sportsound.se\/en\/wp-json\/wp\/v2\/product_cat?post=452"},{"taxonomy":"product_tag","embeddable":true,"href":"https:\/\/www.sportsound.se\/en\/wp-json\/wp\/v2\/product_tag?post=452"}],"curies":[{"name":"wp","href":"https:\/\/api.w.org\/{rel}","templated":true}]}}