{"id":477,"date":"2024-01-05T09:02:54","date_gmt":"2024-01-05T08:02:54","guid":{"rendered":"https:\/\/www.sportsound.se\/?post_type=product&#038;p=477"},"modified":"2024-05-20T20:33:50","modified_gmt":"2024-05-20T18:33:50","slug":"hogtalarstativ","status":"publish","type":"product","link":"https:\/\/www.sportsound.se\/en\/product\/hogtalarstativ\/","title":{"rendered":"Speaker Stand"},"content":{"rendered":"<div class=\"text\">\n<p><span class=\"HwtZe\" lang=\"sv\"><span class=\"jCAhz ChMk0b\"><span class=\"ryNqvb\">Stable steel pipe stand for speakers, with a maximum load capacity of 60 kg and adjustable height.<\/span><\/span><\/span><\/p>\n<p>Steel stand 35mm<br \/>\nNylon base.<br \/>\nVariable height from 94 to 170cm.<br \/>\nMax load 60Kg.<br \/>\nHeight folded 94cm<\/p>\n<\/div>","protected":false},"excerpt":{"rendered":"<p><span class=\"HwtZe\" lang=\"sv\"><span class=\"jCAhz ChMk0b\"><span class=\"ryNqvb\"><strong>Stabilt st\u00e5lr\u00f6rsstativ<\/strong> f\u00f6r h\u00f6gtalare, med en maximal lastkapacitet p\u00e5 60 kg och justerbar h\u00f6j<\/span><\/span><\/span><\/p>","protected":false},"featured_media":478,"template":"","meta":{"_monsterinsights_skip_tracking":false,"_monsterinsights_sitenote_active":false,"_monsterinsights_sitenote_note":"","_monsterinsights_sitenote_category":0},"product_brand":[],"product_cat":[33,35],"product_tag":[],"class_list":{"0":"post-477","1":"product","2":"type-product","3":"status-publish","4":"has-post-thumbnail","6":"product_cat-ljud","7":"product_cat-tillbehor","9":"first","10":"instock","11":"taxable","12":"shipping-taxable","13":"purchasable","14":"product-type-simple"},"_links":{"self":[{"href":"https:\/\/www.sportsound.se\/en\/wp-json\/wp\/v2\/product\/477","targetHints":{"allow":["GET"]}}],"collection":[{"href":"https:\/\/www.sportsound.se\/en\/wp-json\/wp\/v2\/product"}],"about":[{"href":"https:\/\/www.sportsound.se\/en\/wp-json\/wp\/v2\/types\/product"}],"wp:featuredmedia":[{"embeddable":true,"href":"https:\/\/www.sportsound.se\/en\/wp-json\/wp\/v2\/media\/478"}],"wp:attachment":[{"href":"https:\/\/www.sportsound.se\/en\/wp-json\/wp\/v2\/media?parent=477"}],"wp:term":[{"taxonomy":"product_brand","embeddable":true,"href":"https:\/\/www.sportsound.se\/en\/wp-json\/wp\/v2\/product_brand?post=477"},{"taxonomy":"product_cat","embeddable":true,"href":"https:\/\/www.sportsound.se\/en\/wp-json\/wp\/v2\/product_cat?post=477"},{"taxonomy":"product_tag","embeddable":true,"href":"https:\/\/www.sportsound.se\/en\/wp-json\/wp\/v2\/product_tag?post=477"}],"curies":[{"name":"wp","href":"https:\/\/api.w.org\/{rel}","templated":true}]}}